{"id":1603,"date":"2025-11-24T17:04:39","date_gmt":"2025-11-24T16:04:39","guid":{"rendered":"https:\/\/www.faktorbaum.com\/entw\/?page_id=1603"},"modified":"2025-12-01T18:35:04","modified_gmt":"2025-12-01T17:35:04","slug":"impressum","status":"publish","type":"page","link":"https:\/\/www.faktorbaum.com\/entw\/impressum\/","title":{"rendered":"Impressum"},"content":{"rendered":"\t\t<div data-elementor-type=\"wp-page\" data-elementor-id=\"1603\" class=\"elementor elementor-1603\">\n\t\t\t\t<div class=\"elementor-element elementor-element-02d1e82 e-con-full e-flex e-con e-parent\" data-id=\"02d1e82\" data-element_type=\"container\">\n\t\t<div class=\"elementor-element elementor-element-b94d376 e-con-full e-flex e-con e-child\" data-id=\"b94d376\" data-element_type=\"container\" data-settings=\"{&quot;background_background&quot;:&quot;classic&quot;}\">\n\t\t\t\t<div class=\"elementor-element elementor-element-d0ced01 elementor-widget elementor-widget-heading\" data-id=\"d0ced01\" data-element_type=\"widget\" data-widget_type=\"heading.default\">\n\t\t\t\t\t<h2 class=\"elementor-heading-title elementor-size-default\"><h1>Impressum Faktor Baum GmbH<\/h2>\t\t\t\t<\/div>\n\t\t\t\t<div class=\"elementor-element elementor-element-0046cec elementor-widget elementor-widget-text-editor\" data-id=\"0046cec\" data-element_type=\"widget\" data-widget_type=\"text-editor.default\">\n\t\t\t\t\t\t\t\t\t<p>Faktor Baum GmbH<br \/>Ulrich Otto<br \/>Jonas Hansche\u00a0<\/p><p>Telefon: +49(0)152 534 759 74<br \/>E-Mail: info@faktorbaum.com<\/p><p>\u2014\u2014\u2014\u2014\u2014\u2014<\/p><p>Firmensitz:<br \/>Friedhofweg 7<br \/>72805 Lichtenstein<\/p><p>Internet: https:\/\/www.faktorbaum.com<\/p><p>\u2014\u2014\u2014\u2014\u2014\u2014<\/p><p>Rechtsform: GbR<br \/>Inhaber: Ulrich Otto, Jonas Hansche<br \/>Sitz und Reg. Gericht: Gerichtsstand Reutlingen<br \/>USt.-IdNr.: DE365960293<\/p><p>\u2014\u2014\u2014-<\/p><p>Realisierung dieser Homepage:<br \/><img decoding=\"async\" class=\"sqg\" src=\"https:\/\/www.faktorbaum.com\/entw\/wp-content\/uploads\/2025\/10\/sgq.svg\" alt=\"strauss grafik\" \/>strauss-grafik<\/p><p>Tel.: 07381 500 245<br \/>E-Mail: info@strauss-grafik.de<\/p><p><a href=\"https:\/\/www.strauss-grafik.de\" target=\"_blank\" rel=\"noopener\">https:\/\/www.strauss-grafik.de<\/a><\/p><p>\u2014\u2014\u2014-<\/p><p><strong>Rechtlicher Hinweis:<\/strong><br \/>Alle Angaben und Inhalte dieser Internetseiten wurden mit gr\u00f6\u00dfter Sorgfalt erarbeitet. Fehler sind dennoch<br \/>nicht auszuschlie\u00dfen. Baumkletterteam Ronny Epple \u00fcbernimmt weder juristische Verantwortung noch irgendeine Haftung f\u00fcr die Folgen, die auf eventuell fehlerhafte Angaben zur\u00fcckzuf\u00fchren sind.<br \/>Die enthaltenden Informationen k\u00f6nnen jederzeit nachtr\u00e4glich ge\u00e4ndert werden. \u00c4nderungen hinsichtlich besserer Funktion, Leistung, Lebensdauer und technische Verbesserungen vorbehalten.<br \/>F\u00fcr Druck- und Satzfehler wird keine Haftung \u00fcbernommen. Abbildungen k\u00f6nnen abweichen.<\/p><p>Haftungshinweis f\u00fcr externe Links<br \/>Die Firma Baumkletterteam Ronny Epple erkl\u00e4rt ausdr\u00fccklich keinerlei Einfluss auf die Gestaltung und Inhalte der \u2018gelinkten\u2019 Seiten zu haben. Deshalb distanziert sich die Firma Baumkletterteam Ronny Epple von allen Inhalten der \u2018gelinkten\u2019 Seiten und macht sich diese Inhalte nicht zu Eigen. Diese Erkl\u00e4rung gilt f\u00fcr alle Inhalte der Seiten.<\/p><p><strong>Copyright\u00a9<\/strong><br \/>S\u00e4mtliche Inhalte, Grafiken, Formulare, Softwareprogramme und die Struktur der Internetseiten unterliegen<br \/>dem Copyright der Firma Faktor Baum GmbH. Die Reproduktion, Vervielf\u00e4ltigung, Bearbeitung, \u00dcbersetzung, \u00c4nderung, Weiterverbreitung oder die Verwendung von Inhalten in Datenbanken oder anderen elektronischen Medien ohne schriftliche Genehmigung vom Baumkletterteam Ronny Epple ist untersagt.<br \/>Inhalte und Beitr\u00e4ge Dritter sind dabei als solche gekennzeichnet.<\/p><p><strong>E-mails:<\/strong><br \/>Die Email-Adresse wird als Schutz vor Spammern im geschriebenen Format angezeigt und muss entweder manuel ins Email-Programm \u00fcbertragen werden oder direkt \u00fcber den Link \u2018Email senden\u2019.<\/p><p><strong>Technischer Datenschutz und Sicherheit:<\/strong><br \/>1. Alle personenbezogenen Daten sind Einzelangaben und werden grunds\u00e4tzlich vertraulich behandelt.<br \/>Die f\u00fcr die Gesch\u00e4ftsabwicklung notwendigen Daten werden als Kundenstammdaten unter Beachtung der einschl\u00e4gigen Vorschriften der Bundesdatenschutzgesetze (BDSG) und des Teledienstdatenschutzgesetzes (TDDSG) von uns gespeichert.<br \/>2. Sie haben jederzeit ein Recht auf kostenlose Ausk\u00fcnfte bzw. Berichtigung Ihrer gespeicherten Kundendaten. Bitte teilen Sie uns \u00c4nderungen bez\u00fcglich Ihrer Daten mit und wenden Sie sich an kontakt@baumkletterteam.de oder senden Sie uns Ihre \u00c4nderungen per Post oder Fax.<br \/>3. Ihre pers\u00f6nlichen Daten werden verschl\u00fcsselt \u00fcbertragen. Wir setzen technische und organisatorische Sicherheitsma\u00dfnahmen ein, um Ihre durch uns verwalteten Daten gegen zuf\u00e4llige oder vors\u00e4tzliche Manipulationen, Verlust, Zerst\u00f6rung oder gegen den Zugriff unberechtigter Personen zu sch\u00fctzen.<br \/>4. Eine \u00dcbermittlung der personenbezogenen Kundendaten, also die Weitergabe an Dritte, findet nicht statt. Ausgenommen hiervon sind auf Aufforderung hin erfolgende \u00dcbermittlungen an berechtigte staatliche Stellen sowie die \u00dcbermittlung an Strafverfolgungen im Falle eines Missbrauches des Angebotes.<\/p>\t\t\t\t\t\t\t\t<\/div>\n\t\t\t\t<\/div>\n\t\t<div class=\"elementor-element elementor-element-91219dd e-con-full e-flex e-con e-child\" data-id=\"91219dd\" data-element_type=\"container\">\n\t\t\t\t<\/div>\n\t\t\t\t<\/div>\n\t\t\t\t<\/div>\n\t\t","protected":false},"excerpt":{"rendered":"<p>Impressum Faktor Baum GmbH Faktor Baum GmbHUlrich OttoJonas Hansche\u00a0 Telefon: +49(0)152 534 759 74E-Mail: info@faktorbaum.com \u2014\u2014\u2014\u2014\u2014\u2014 Firmensitz:Friedhofweg 772805 Lichtenstein Internet: https:\/\/www.faktorbaum.com \u2014\u2014\u2014\u2014\u2014\u2014 Rechtsform: GbRInhaber: Ulrich Otto, Jonas HanscheSitz und Reg. Gericht: Gerichtsstand ReutlingenUSt.-IdNr.: DE365960293 \u2014\u2014\u2014- Realisierung dieser Homepage:strauss-grafik Tel.: 07381 500 245E-Mail: info@strauss-grafik.de https:\/\/www.strauss-grafik.de \u2014\u2014\u2014- Rechtlicher Hinweis:Alle Angaben und Inhalte dieser Internetseiten wurden mit gr\u00f6\u00dfter [&hellip;]<\/p>\n","protected":false},"author":1,"featured_media":0,"parent":0,"menu_order":0,"comment_status":"closed","ping_status":"closed","template":"","meta":{"inline_featured_image":false,"footnotes":""},"class_list":["post-1603","page","type-page","status-publish","hentry"],"yoast_head":"<!-- This site is optimized with the Yoast SEO plugin v26.4 - https:\/\/yoast.com\/wordpress\/plugins\/seo\/ -->\n<title>Impressum - Faktor Baum<\/title>\n<meta name=\"description\" content=\"Das Impressum von Faktor Baum informiert \u00fcber Verantwortlichkeiten und Ihre Betroffenenrechte nach DSGVO.\" \/>\n<meta name=\"robots\" content=\"index, follow, max-snippet:-1, max-image-preview:large, max-video-preview:-1\" \/>\n<link rel=\"canonical\" href=\"https:\/\/www.faktorbaum.com\/entw\/impressum\/\" \/>\n<meta property=\"og:locale\" content=\"de_DE\" \/>\n<meta property=\"og:type\" content=\"article\" \/>\n<meta property=\"og:title\" content=\"Impressum - Faktor Baum\" \/>\n<meta property=\"og:description\" content=\"Das Impressum von Faktor Baum informiert \u00fcber Verantwortlichkeiten und Ihre Betroffenenrechte nach DSGVO.\" \/>\n<meta property=\"og:url\" content=\"https:\/\/www.faktorbaum.com\/entw\/impressum\/\" \/>\n<meta property=\"og:site_name\" content=\"Faktor Baum\" \/>\n<meta property=\"article:modified_time\" content=\"2025-12-01T17:35:04+00:00\" \/>\n<meta property=\"og:image\" content=\"https:\/\/www.faktorbaum.com\/entw\/wp-content\/uploads\/2025\/10\/sgq.svg\" \/>\n<meta name=\"twitter:card\" content=\"summary_large_image\" \/>\n<meta name=\"twitter:label1\" content=\"Gesch\u00e4tzte Lesezeit\" \/>\n\t<meta name=\"twitter:data1\" content=\"3\u00a0Minuten\" \/>\n<script type=\"application\/ld+json\" class=\"yoast-schema-graph\">{\"@context\":\"https:\/\/schema.org\",\"@graph\":[{\"@type\":\"WebPage\",\"@id\":\"https:\/\/www.faktorbaum.com\/entw\/impressum\/\",\"url\":\"https:\/\/www.faktorbaum.com\/entw\/impressum\/\",\"name\":\"Impressum - Faktor Baum\",\"isPartOf\":{\"@id\":\"https:\/\/www.faktorbaum.com\/entw\/#website\"},\"primaryImageOfPage\":{\"@id\":\"https:\/\/www.faktorbaum.com\/entw\/impressum\/#primaryimage\"},\"image\":{\"@id\":\"https:\/\/www.faktorbaum.com\/entw\/impressum\/#primaryimage\"},\"thumbnailUrl\":\"https:\/\/www.faktorbaum.com\/entw\/wp-content\/uploads\/2025\/10\/sgq.svg\",\"datePublished\":\"2025-11-24T16:04:39+00:00\",\"dateModified\":\"2025-12-01T17:35:04+00:00\",\"description\":\"Das Impressum von Faktor Baum informiert \u00fcber Verantwortlichkeiten und Ihre Betroffenenrechte nach DSGVO.\",\"breadcrumb\":{\"@id\":\"https:\/\/www.faktorbaum.com\/entw\/impressum\/#breadcrumb\"},\"inLanguage\":\"de\",\"potentialAction\":[{\"@type\":\"ReadAction\",\"target\":[\"https:\/\/www.faktorbaum.com\/entw\/impressum\/\"]}]},{\"@type\":\"ImageObject\",\"inLanguage\":\"de\",\"@id\":\"https:\/\/www.faktorbaum.com\/entw\/impressum\/#primaryimage\",\"url\":\"https:\/\/www.faktorbaum.com\/entw\/wp-content\/uploads\/2025\/10\/sgq.svg\",\"contentUrl\":\"https:\/\/www.faktorbaum.com\/entw\/wp-content\/uploads\/2025\/10\/sgq.svg\",\"width\":113,\"height\":113,\"caption\":\"strauss-grafik grafik|druck|internet\"},{\"@type\":\"BreadcrumbList\",\"@id\":\"https:\/\/www.faktorbaum.com\/entw\/impressum\/#breadcrumb\",\"itemListElement\":[{\"@type\":\"ListItem\",\"position\":1,\"name\":\"Startseite\",\"item\":\"https:\/\/www.faktorbaum.com\/entw\/\"},{\"@type\":\"ListItem\",\"position\":2,\"name\":\"Impressum\"}]},{\"@type\":\"WebSite\",\"@id\":\"https:\/\/www.faktorbaum.com\/entw\/#website\",\"url\":\"https:\/\/www.faktorbaum.com\/entw\/\",\"name\":\"Faktor Baum\",\"description\":\"Fachbetrieb f\u00fcr Baumpflege\",\"potentialAction\":[{\"@type\":\"SearchAction\",\"target\":{\"@type\":\"EntryPoint\",\"urlTemplate\":\"https:\/\/www.faktorbaum.com\/entw\/?s={search_term_string}\"},\"query-input\":{\"@type\":\"PropertyValueSpecification\",\"valueRequired\":true,\"valueName\":\"search_term_string\"}}],\"inLanguage\":\"de\"}]}<\/script>\n<!-- \/ Yoast SEO plugin. -->","yoast_head_json":{"title":"Impressum - Faktor Baum","description":"Das Impressum von Faktor Baum informiert \u00fcber Verantwortlichkeiten und Ihre Betroffenenrechte nach DSGVO.","robots":{"index":"index","follow":"follow","max-snippet":"max-snippet:-1","max-image-preview":"max-image-preview:large","max-video-preview":"max-video-preview:-1"},"canonical":"https:\/\/www.faktorbaum.com\/entw\/impressum\/","og_locale":"de_DE","og_type":"article","og_title":"Impressum - Faktor Baum","og_description":"Das Impressum von Faktor Baum informiert \u00fcber Verantwortlichkeiten und Ihre Betroffenenrechte nach DSGVO.","og_url":"https:\/\/www.faktorbaum.com\/entw\/impressum\/","og_site_name":"Faktor Baum","article_modified_time":"2025-12-01T17:35:04+00:00","og_image":[{"url":"https:\/\/www.faktorbaum.com\/entw\/wp-content\/uploads\/2025\/10\/sgq.svg","type":"","width":"","height":""}],"twitter_card":"summary_large_image","twitter_misc":{"Gesch\u00e4tzte Lesezeit":"3\u00a0Minuten"},"schema":{"@context":"https:\/\/schema.org","@graph":[{"@type":"WebPage","@id":"https:\/\/www.faktorbaum.com\/entw\/impressum\/","url":"https:\/\/www.faktorbaum.com\/entw\/impressum\/","name":"Impressum - Faktor Baum","isPartOf":{"@id":"https:\/\/www.faktorbaum.com\/entw\/#website"},"primaryImageOfPage":{"@id":"https:\/\/www.faktorbaum.com\/entw\/impressum\/#primaryimage"},"image":{"@id":"https:\/\/www.faktorbaum.com\/entw\/impressum\/#primaryimage"},"thumbnailUrl":"https:\/\/www.faktorbaum.com\/entw\/wp-content\/uploads\/2025\/10\/sgq.svg","datePublished":"2025-11-24T16:04:39+00:00","dateModified":"2025-12-01T17:35:04+00:00","description":"Das Impressum von Faktor Baum informiert \u00fcber Verantwortlichkeiten und Ihre Betroffenenrechte nach DSGVO.","breadcrumb":{"@id":"https:\/\/www.faktorbaum.com\/entw\/impressum\/#breadcrumb"},"inLanguage":"de","potentialAction":[{"@type":"ReadAction","target":["https:\/\/www.faktorbaum.com\/entw\/impressum\/"]}]},{"@type":"ImageObject","inLanguage":"de","@id":"https:\/\/www.faktorbaum.com\/entw\/impressum\/#primaryimage","url":"https:\/\/www.faktorbaum.com\/entw\/wp-content\/uploads\/2025\/10\/sgq.svg","contentUrl":"https:\/\/www.faktorbaum.com\/entw\/wp-content\/uploads\/2025\/10\/sgq.svg","width":113,"height":113,"caption":"strauss-grafik grafik|druck|internet"},{"@type":"BreadcrumbList","@id":"https:\/\/www.faktorbaum.com\/entw\/impressum\/#breadcrumb","itemListElement":[{"@type":"ListItem","position":1,"name":"Startseite","item":"https:\/\/www.faktorbaum.com\/entw\/"},{"@type":"ListItem","position":2,"name":"Impressum"}]},{"@type":"WebSite","@id":"https:\/\/www.faktorbaum.com\/entw\/#website","url":"https:\/\/www.faktorbaum.com\/entw\/","name":"Faktor Baum","description":"Fachbetrieb f\u00fcr Baumpflege","potentialAction":[{"@type":"SearchAction","target":{"@type":"EntryPoint","urlTemplate":"https:\/\/www.faktorbaum.com\/entw\/?s={search_term_string}"},"query-input":{"@type":"PropertyValueSpecification","valueRequired":true,"valueName":"search_term_string"}}],"inLanguage":"de"}]}},"_links":{"self":[{"href":"https:\/\/www.faktorbaum.com\/entw\/wp-json\/wp\/v2\/pages\/1603","targetHints":{"allow":["GET"]}}],"collection":[{"href":"https:\/\/www.faktorbaum.com\/entw\/wp-json\/wp\/v2\/pages"}],"about":[{"href":"https:\/\/www.faktorbaum.com\/entw\/wp-json\/wp\/v2\/types\/page"}],"author":[{"embeddable":true,"href":"https:\/\/www.faktorbaum.com\/entw\/wp-json\/wp\/v2\/users\/1"}],"replies":[{"embeddable":true,"href":"https:\/\/www.faktorbaum.com\/entw\/wp-json\/wp\/v2\/comments?post=1603"}],"version-history":[{"count":26,"href":"https:\/\/www.faktorbaum.com\/entw\/wp-json\/wp\/v2\/pages\/1603\/revisions"}],"predecessor-version":[{"id":1700,"href":"https:\/\/www.faktorbaum.com\/entw\/wp-json\/wp\/v2\/pages\/1603\/revisions\/1700"}],"wp:attachment":[{"href":"https:\/\/www.faktorbaum.com\/entw\/wp-json\/wp\/v2\/media?parent=1603"}],"curies":[{"name":"wp","href":"https:\/\/api.w.org\/{rel}","templated":true}]}}